{"id":7,"date":"2021-07-27T11:24:00","date_gmt":"2021-07-27T09:24:00","guid":{"rendered":"http:\/\/ingostein.teamartwork.com\/?page_id=7"},"modified":"2021-08-03T12:39:11","modified_gmt":"2021-08-03T10:39:11","slug":"startseite","status":"publish","type":"page","link":"https:\/\/www.ingo-stein-consulting.de\/","title":{"rendered":"Startseite"},"content":{"rendered":"\n<div class=\"wp-block-group alignwide\"><div class=\"wp-block-group__inner-container is-layout-flow wp-block-group-is-layout-flow\"><\/div><\/div>\n\n\n\n<div class=\"wp-block-columns is-layout-flex wp-container-core-columns-is-layout-9d6595d7 wp-block-columns-is-layout-flex\">\n<div class=\"wp-block-column is-layout-flow wp-block-column-is-layout-flow\" style=\"flex-basis:33.33%\">\n<figure class=\"wp-block-image size-full\"><img loading=\"lazy\" decoding=\"async\" width=\"300\" height=\"375\" src=\"http:\/\/ingostein.teamartwork.com\/wp-content\/uploads\/2021\/08\/ingo_stein_portrait.jpeg\" alt=\"\" class=\"wp-image-62\" srcset=\"https:\/\/www.ingo-stein-consulting.de\/wp-content\/uploads\/2021\/08\/ingo_stein_portrait.jpeg 300w, https:\/\/www.ingo-stein-consulting.de\/wp-content\/uploads\/2021\/08\/ingo_stein_portrait-240x300.jpeg 240w\" sizes=\"auto, (max-width: 300px) 100vw, 300px\" \/><\/figure>\n<\/div>\n\n\n\n<div class=\"wp-block-column is-layout-flow wp-block-column-is-layout-flow\" style=\"flex-basis:66.66%\">\n<p><strong>Willkommen bei Ingo Stein Consulting<\/strong><\/p>\n\n\n\n<p>Als Partner f\u00fcr<\/p>\n\n\n\n<ul class=\"wp-block-list\"><li>Supervision<\/li><li>Coaching<\/li><li>Psychologische Beratung<\/li><li>Training<\/li><li>Moderation<\/li><\/ul>\n\n\n\n<p>stelle ich mich auf meiner Homepage vor.<\/p>\n\n\n\n<p>In diesen Beratungs- und Arbeitsformen biete ich Unterst\u00fctzung zur F\u00f6rderung pers\u00f6nlicher und professioneller Kompetenz bei der Bew\u00e4ltigung schwieriger und komplexer Aufgabenstellungen an.<\/p>\n<\/div>\n<\/div>\n","protected":false},"excerpt":{"rendered":"<p>Willkommen bei Ingo Stein Consulting Als Partner f\u00fcr Supervision Coaching Psychologische Beratung Training Moderation stelle ich mich auf meiner Homepage vor. In diesen Beratungs- und Arbeitsformen biete ich Unterst\u00fctzung zur F\u00f6rderung pers\u00f6nlicher und professioneller Kompetenz bei der Bew\u00e4ltigung schwieriger und komplexer Aufgabenstellungen an.<\/p>\n","protected":false},"author":2,"featured_media":0,"parent":0,"menu_order":0,"comment_status":"closed","ping_status":"closed","template":"","meta":{"footnotes":""},"class_list":["post-7","page","type-page","status-publish","hentry","post-preview"],"_links":{"self":[{"href":"https:\/\/www.ingo-stein-consulting.de\/index.php\/wp-json\/wp\/v2\/pages\/7","targetHints":{"allow":["GET"]}}],"collection":[{"href":"https:\/\/www.ingo-stein-consulting.de\/index.php\/wp-json\/wp\/v2\/pages"}],"about":[{"href":"https:\/\/www.ingo-stein-consulting.de\/index.php\/wp-json\/wp\/v2\/types\/page"}],"author":[{"embeddable":true,"href":"https:\/\/www.ingo-stein-consulting.de\/index.php\/wp-json\/wp\/v2\/users\/2"}],"replies":[{"embeddable":true,"href":"https:\/\/www.ingo-stein-consulting.de\/index.php\/wp-json\/wp\/v2\/comments?post=7"}],"version-history":[{"count":5,"href":"https:\/\/www.ingo-stein-consulting.de\/index.php\/wp-json\/wp\/v2\/pages\/7\/revisions"}],"predecessor-version":[{"id":66,"href":"https:\/\/www.ingo-stein-consulting.de\/index.php\/wp-json\/wp\/v2\/pages\/7\/revisions\/66"}],"wp:attachment":[{"href":"https:\/\/www.ingo-stein-consulting.de\/index.php\/wp-json\/wp\/v2\/media?parent=7"}],"curies":[{"name":"wp","href":"https:\/\/api.w.org\/{rel}","templated":true}]}}