{"id":17,"date":"2021-07-27T11:41:02","date_gmt":"2021-07-27T09:41:02","guid":{"rendered":"http:\/\/ingostein.teamartwork.com\/?page_id=17"},"modified":"2022-12-22T09:50:22","modified_gmt":"2022-12-22T08:50:22","slug":"links","status":"publish","type":"page","link":"https:\/\/www.ingo-stein-consulting.de\/index.php\/links\/","title":{"rendered":"Links"},"content":{"rendered":"\n<figure class=\"wp-block-table\"><table><tbody><tr><td><a href=\"http:\/\/www.dgsv.de\/\" target=\"_blank\" rel=\"noreferrer noopener\"><\/a><\/td><td>Mein Berufsverband ist die Deutsche Gesellschaft f\u00fcr Supervision<br>(DGSv)<br>DGSv &#8211;&nbsp;<a href=\"http:\/\/www.dgsv.de\/\" target=\"_blank\" rel=\"noreferrer noopener\">www.dgsv.de<\/a><\/td><\/tr><tr><td>&nbsp;<\/td><td>&nbsp;<\/td><\/tr><tr><td>&nbsp;<\/td><td><strong>Meine Kooperationspartner:<\/strong><\/td><\/tr><tr><td>&nbsp;<\/td><td>&nbsp;<\/td><\/tr><tr><td><a href=\"http:\/\/www.ezi-berlin.de\/\" target=\"_blank\" rel=\"noreferrer noopener\"><\/a><\/td><td>Ev. Zentralinstitut f\u00fcr Familienberatung Berlin (EZI)<br>EZI &#8211;&nbsp;<a href=\"http:\/\/www.ezi-berlin.de\/\" target=\"_blank\" rel=\"noreferrer noopener\">www.ezi-berlin.de<\/a><\/td><\/tr><tr><td>&nbsp;<\/td><td>&nbsp;<\/td><\/tr><tr><td><a href=\"http:\/\/www.ekful.de\/\" target=\"_blank\" rel=\"noreferrer noopener\"><\/a><\/td><td>Ev. Konferenz f\u00fcr Familien- und Lebensberatung<br>Fachverband f\u00fcr Psychologische Beratung und Supervision (EKFuL)<br>EKFuL &#8211;&nbsp;<a href=\"http:\/\/www.ekful.de\/\" target=\"_blank\" rel=\"noreferrer noopener\">www.ekful.de<\/a><\/td><\/tr><tr><td>&nbsp;<\/td><td>&nbsp;<\/td><\/tr><tr><td><a href=\"http:\/\/www.dajeb.de\/\" target=\"_blank\" rel=\"noreferrer noopener\"><\/a><\/td><td>Deutscher Arbeitskreis f\u00fcr Jugend- und Eheberatung (DAJEB)<br>DAJEB &#8211;&nbsp;<a href=\"http:\/\/www.dajeb.de\/\" target=\"_blank\" rel=\"noreferrer noopener\">www.dajeb.de<\/a><\/td><\/tr><tr><td>&nbsp;<\/td><td>&nbsp;<\/td><\/tr><tr><td><a href=\"http:\/\/www.institut-afw.de\/\" target=\"_blank\" rel=\"noreferrer noopener\"><\/a><\/td><td>Institut f\u00fcr Aus- Fort- und Weiterbildung<br>Konvent f\u00fcr Supervision der Ev. Kirche von Westfalen<br>EKvW &#8211;&nbsp;<a href=\"http:\/\/www.institut-afw.de\/\" target=\"_blank\" rel=\"noreferrer noopener\">www.institut-afw.de<\/a><\/td><\/tr><tr><td>&nbsp;<\/td><td>&nbsp;<\/td><\/tr><tr><td><a href=\"http:\/\/www.der-kirchenkreis.de\/\" target=\"_blank\" rel=\"noreferrer noopener\"><\/a><\/td><td>Ev. Kirchenkreis Steinfurt-Coesfeld-Borken<br>Konvent Seelsorge und Beratung<br>Kirchenkreis &#8211;&nbsp;<a href=\"http:\/\/www.der-kirchenkreis.de\/\" target=\"_blank\" rel=\"noreferrer noopener\">www.der-kirchenkreis.de<\/a><\/td><\/tr><tr><td>&nbsp;<\/td><td>&nbsp;<\/td><\/tr><tr><td><a href=\"http:\/\/www.dw-st.de\/\" target=\"_blank\" rel=\"noreferrer noopener\"><\/a><\/td><td>Diakonie-WesT<br>Diakonie im Westm\u00fcnsterland und in Tecklenburg<br>\u00a0<a href=\"https:\/\/www.diakonie-west.de\/\" target=\"_blank\" rel=\"noreferrer noopener\">www.diakonie-west.de<\/a><\/td><\/tr><tr><td>&nbsp;<\/td><td>&nbsp;<\/td><\/tr><\/tbody><\/table><\/figure>\n","protected":false},"excerpt":{"rendered":"<p>Mein Berufsverband ist die Deutsche Gesellschaft f\u00fcr Supervision(DGSv)DGSv &#8211;&nbsp;www.dgsv.de &nbsp; &nbsp; &nbsp; Meine Kooperationspartner: &nbsp; &nbsp; Ev. Zentralinstitut f\u00fcr Familienberatung Berlin (EZI)EZI &#8211;&nbsp;www.ezi-berlin.de &nbsp; &nbsp; Ev. Konferenz f\u00fcr Familien- und LebensberatungFachverband f\u00fcr Psychologische Beratung und Supervision (EKFuL)EKFuL &#8211;&nbsp;www.ekful.de &nbsp; &nbsp; Deutscher Arbeitskreis f\u00fcr Jugend- und Eheberatung (DAJEB)DAJEB &#8211;&nbsp;www.dajeb.de &nbsp; &nbsp; Institut f\u00fcr Aus- Fort- und [&hellip;]<\/p>\n","protected":false},"author":2,"featured_media":0,"parent":0,"menu_order":0,"comment_status":"closed","ping_status":"closed","template":"","meta":{"footnotes":""},"class_list":["post-17","page","type-page","status-publish","hentry","post-preview"],"_links":{"self":[{"href":"https:\/\/www.ingo-stein-consulting.de\/index.php\/wp-json\/wp\/v2\/pages\/17","targetHints":{"allow":["GET"]}}],"collection":[{"href":"https:\/\/www.ingo-stein-consulting.de\/index.php\/wp-json\/wp\/v2\/pages"}],"about":[{"href":"https:\/\/www.ingo-stein-consulting.de\/index.php\/wp-json\/wp\/v2\/types\/page"}],"author":[{"embeddable":true,"href":"https:\/\/www.ingo-stein-consulting.de\/index.php\/wp-json\/wp\/v2\/users\/2"}],"replies":[{"embeddable":true,"href":"https:\/\/www.ingo-stein-consulting.de\/index.php\/wp-json\/wp\/v2\/comments?post=17"}],"version-history":[{"count":3,"href":"https:\/\/www.ingo-stein-consulting.de\/index.php\/wp-json\/wp\/v2\/pages\/17\/revisions"}],"predecessor-version":[{"id":100,"href":"https:\/\/www.ingo-stein-consulting.de\/index.php\/wp-json\/wp\/v2\/pages\/17\/revisions\/100"}],"wp:attachment":[{"href":"https:\/\/www.ingo-stein-consulting.de\/index.php\/wp-json\/wp\/v2\/media?parent=17"}],"curies":[{"name":"wp","href":"https:\/\/api.w.org\/{rel}","templated":true}]}}