{"id":11,"date":"2021-07-27T11:38:34","date_gmt":"2021-07-27T09:38:34","guid":{"rendered":"http:\/\/ingostein.teamartwork.com\/?page_id=11"},"modified":"2024-07-01T14:46:16","modified_gmt":"2024-07-01T12:46:16","slug":"person-und-qualifikation","status":"publish","type":"page","link":"https:\/\/www.ingo-stein-consulting.de\/index.php\/person-und-qualifikation\/","title":{"rendered":"Person und Qualifikation"},"content":{"rendered":"\n<p><strong>Coach \u2013 Supervisor \u2013 Psychologischer Berater \u2013 Trainer<br><br>Studium<\/strong>&nbsp;in den F\u00e4chern Erziehungswissenschaft, Psychologie, Soziologie, Philosophie,<br>Theologie (Diplom der Freien Universit\u00e4t Berlin, 1.und 2. Theol. Examen der Ev. Kirche<br>in Berlin-Brandenburg (West))<br><br><strong>Zusatzausbildungen und -qualifikationen<\/strong><\/p>\n\n\n\n<ul class=\"wp-block-list\">\n<li><strong>Psychologische Beratung<\/strong>\u00a0(mehrj\u00e4hrige Weiterbildung in Ehe-, Familien- und Lebensberatung,<br>Diplom Ev. Zentralinstitut f\u00fcr Familienberatung Berlin (EZI)\/ Ev. Konferenz f\u00fcr Familien- und<br>Lebensberatung Fachverband f\u00fcr Psychologische Beratung und Supervision e.V. (EKFuL))<\/li>\n\n\n\n<li><strong>Psychologischer Berater in Integrierter Familienorientierter Beratung\u00ae<\/strong>\u00a0(IFB-Diplom EZI \/ EKFuL)<\/li>\n\n\n\n<li><strong>Supervision\u00a0<\/strong>(mehrj\u00e4hrige Weiterbildung nach den Standards der DGSv, Zertifikat EZI\/ EKFuL)<\/li>\n\n\n\n<li><strong>Supervisor und Mentor<\/strong>\u00a0(EKFuL)<\/li>\n\n\n\n<li><strong>Supervisor und Mentor<\/strong>\u00a0(Deutsche Arbeitsgemeinschaft f\u00fcr Jugend- und Eheberatung<br>DAJEB e.V.)<\/li>\n<\/ul>\n\n\n\n<p><strong>Berufsverband<\/strong><br>Deutsche Gesellschaft f\u00fcr Supervision (DGSv)<\/p>\n\n\n\n<p><strong>Ausbildung und Berufserfahrungen in Institutionen<br><\/strong>Kinder- und Jugendarbeit, Schulunterricht, Familienhilfe, Erwachsenenbildung, sozial-diakonische Projekte in Berlin und im Ruhrgebiet<br>12 Jahre Gemeindepfarramt und au\u00dferschulische Bildungsarbeit im Leitungsteam einer Jugendbildungsst\u00e4tte, Aus-, Fort- und Weiterbildung von Ehrenamtlichen<br><br><strong>T\u00e4tigkeit als Supervisor, Coach, Psychologischer Berater, Trainer<br><\/strong>Von 1996 bis 2002 nebenberuflicher Psychologischer Berater in der Einzel-, Paar- und Familienberatung, von 2003 bis 2021 Leitung der Psychologischen Familienberatungsstelle eines Diakonischen Werkes, seit 2002 Supervisor, Coach, Berater und Trainer f\u00fcr soziale, p\u00e4dagogische und gesundheitliche Institutionen, Dienstleistungen, Trainer f\u00fcr Fachkr\u00e4fte und Ehrenamtliche in psychosozialen Arbeitsfeldern, Aus-, Fort- und Weiterbildung als Mentor und Supervisor (EKFuL, DAJEB)<br><br><strong>Fort- und Weiterbildungen als Berater und Trainer<br><\/strong>Systemische Familienrekonstruktion bei Dr. Satuila Stierlin (Heidelberg)<br>Beratung und Therapie von Bindungsst\u00f6rungen bei Dr. Karl-Heinz Brisch (LMU M\u00fcnchen)<br>Arbeit mit Patchwork-Familien bei Martin Koschorke (Berlin und Frankreich)<br>Changemanagement\/Leitungskompetenz bei Olya Khaleelee (Director Tavistock Institute, London)<br>Psychodrama bei Prof. Dr. Ferdinand Buer (Psychodrama-Zentrum M\u00fcnster)<br>Rolle der Psychologie in der Mediation (BAFM)<br>Regelm\u00e4\u00dfige Kontrollsupervision und\u00a0 Kollegiale Fallsupervision, Mitarbeit in verschiedenen Leitungsteams.<br><br><strong>Private Situation<br><\/strong>Seit vielen Jahren verheiratet und Vater von zwei erwachsenen Kindern.<\/p>\n","protected":false},"excerpt":{"rendered":"<p>Coach \u2013 Supervisor \u2013 Psychologischer Berater \u2013 Trainer Studium&nbsp;in den F\u00e4chern Erziehungswissenschaft, Psychologie, Soziologie, Philosophie,Theologie (Diplom der Freien Universit\u00e4t Berlin, 1.und 2. Theol. Examen der Ev. Kirchein Berlin-Brandenburg (West)) Zusatzausbildungen und -qualifikationen BerufsverbandDeutsche Gesellschaft f\u00fcr Supervision (DGSv) Ausbildung und Berufserfahrungen in InstitutionenKinder- und Jugendarbeit, Schulunterricht, Familienhilfe, Erwachsenenbildung, sozial-diakonische Projekte in Berlin und im Ruhrgebiet12 Jahre [&hellip;]<\/p>\n","protected":false},"author":2,"featured_media":0,"parent":0,"menu_order":0,"comment_status":"closed","ping_status":"closed","template":"","meta":{"footnotes":""},"class_list":["post-11","page","type-page","status-publish","hentry","post-preview"],"_links":{"self":[{"href":"https:\/\/www.ingo-stein-consulting.de\/index.php\/wp-json\/wp\/v2\/pages\/11","targetHints":{"allow":["GET"]}}],"collection":[{"href":"https:\/\/www.ingo-stein-consulting.de\/index.php\/wp-json\/wp\/v2\/pages"}],"about":[{"href":"https:\/\/www.ingo-stein-consulting.de\/index.php\/wp-json\/wp\/v2\/types\/page"}],"author":[{"embeddable":true,"href":"https:\/\/www.ingo-stein-consulting.de\/index.php\/wp-json\/wp\/v2\/users\/2"}],"replies":[{"embeddable":true,"href":"https:\/\/www.ingo-stein-consulting.de\/index.php\/wp-json\/wp\/v2\/comments?post=11"}],"version-history":[{"count":3,"href":"https:\/\/www.ingo-stein-consulting.de\/index.php\/wp-json\/wp\/v2\/pages\/11\/revisions"}],"predecessor-version":[{"id":191,"href":"https:\/\/www.ingo-stein-consulting.de\/index.php\/wp-json\/wp\/v2\/pages\/11\/revisions\/191"}],"wp:attachment":[{"href":"https:\/\/www.ingo-stein-consulting.de\/index.php\/wp-json\/wp\/v2\/media?parent=11"}],"curies":[{"name":"wp","href":"https:\/\/api.w.org\/{rel}","templated":true}]}}